{"id":115118,"date":"2025-07-09T10:46:12","date_gmt":"2025-07-09T09:46:12","guid":{"rendered":"https:\/\/booking-insuite.com\/?page_id=115118"},"modified":"2025-07-09T12:50:25","modified_gmt":"2025-07-09T11:50:25","slug":"ausflug-lanzarote","status":"publish","type":"page","link":"https:\/\/booking-insuite.com\/es\/ausflug-lanzarote\/","title":{"rendered":"Ausflug Lanzarote"},"content":{"rendered":"<div class=\"wpb-content-wrapper\"><p>[vc_row unlock_row_content=\u00bbyes\u00bb row_height_percent=\u00bb0&#8243; override_padding=\u00bbyes\u00bb h_padding=\u00bb0&#8243; top_padding=\u00bb0&#8243; bottom_padding=\u00bb0&#8243; back_color=\u00bbcolor-nhtu\u00bb back_image=\u00bb115130&#8243; back_position=\u00bbcenter bottom\u00bb overlay_color=\u00bbcolor-nhtu\u00bb overlay_alpha=\u00bb20&#8243; equal_height=\u00bbyes\u00bb gutter_size=\u00bb0&#8243; column_width_percent=\u00bb100&#8243; shift_y=\u00bb0&#8243; z_index=\u00bb0&#8243; enable_bottom_divider=\u00bbdefault\u00bb bottom_divider=\u00bbgradient\u00bb shape_bottom_h_use_pixel=\u00bbtrue\u00bb shape_bottom_height_percent=\u00bb100&#8243; shape_bottom_color=\u00bbcolor-nhtu\u00bb shape_bottom_opacity=\u00bb60&#8243; shape_bottom_index=\u00bb0&#8243; content_parallax=\u00bb0&#8243; row_height_pixel=\u00bb280&#8243; row_name=\u00bbIntro\u00bb uncode_shortcode_id=\u00bb117944&#8243; back_color_type=\u00bbuncode-palette\u00bb overlay_color_type=\u00bbuncode-palette\u00bb shape_bottom_color_type=\u00bbuncode-palette\u00bb][vc_column column_width_percent=\u00bb100&#8243; position_horizontal=\u00bbleft\u00bb position_vertical=\u00bbbottom\u00bb gutter_size=\u00bb2&#8243; override_padding=\u00bbyes\u00bb column_padding=\u00bb4&#8243; style=\u00bbdark\u00bb overlay_alpha=\u00bb50&#8243; shift_x=\u00bb0&#8243; shift_y=\u00bb0&#8243; shift_y_down=\u00bb0&#8243; z_index=\u00bb0&#8243; align_medium=\u00bbalign_center_tablet\u00bb medium_width=\u00bb0&#8243; align_mobile=\u00bbalign_center_mobile\u00bb mobile_width=\u00bb0&#8243; css_animation=\u00bbbottom-t-top\u00bb animation_speed=\u00bb1000&#8243; width=\u00bb1\/1&#8243; uncode_shortcode_id=\u00bb366803&#8243;][vc_empty_space empty_h=\u00bb2&#8243;][vc_custom_heading heading_semantic=\u00bbh1&#8243; text_font=\u00bbfont-377884&#8243; text_size=\u00bbfontsize-445851&#8243; text_weight=\u00bb600&#8243; text_space=\u00bbfontspace-111509&#8243; sub_lead=\u00bbyes\u00bb sub_reduced=\u00bbyes\u00bb uncode_shortcode_id=\u00bb393304&#8243;]Besuch des Nationalparks<br \/>\nvon Timanfaya &amp; Stiftung C\u00e9sar Manrique[\/vc_custom_heading][\/vc_column][\/vc_row][vc_row unlock_row_content=\u00bbyes\u00bb row_height_percent=\u00bb55&#8243; override_padding=\u00bbyes\u00bb h_padding=\u00bb0&#8243; top_padding=\u00bb0&#8243; bottom_padding=\u00bb0&#8243; back_color=\u00bbcolor-nhtu\u00bb overlay_alpha=\u00bb50&#8243; equal_height=\u00bbyes\u00bb gutter_size=\u00bb0&#8243; column_width_percent=\u00bb100&#8243; shift_y=\u00bb0&#8243; z_index=\u00bb0&#8243;][vc_column column_width_percent=\u00bb100&#8243; gutter_size=\u00bb3&#8243; override_padding=\u00bbyes\u00bb column_padding=\u00bb4&#8243; style=\u00bbdark\u00bb font_family=\u00bbfont-377884&#8243; overlay_alpha=\u00bb50&#8243; shift_x=\u00bb0&#8243; shift_y=\u00bb0&#8243; shift_y_down=\u00bb0&#8243; z_index=\u00bb0&#8243; align_medium=\u00bbalign_center_tablet\u00bb medium_width=\u00bb0&#8243; align_mobile=\u00bbalign_center_mobile\u00bb mobile_width=\u00bb0&#8243; css_animation=\u00bbbottom-t-top\u00bb animation_delay=\u00bb200&#8243; width=\u00bb6\/12&#8243; uncode_shortcode_id=\u00bb206792&#8243; back_color_type=\u00bbuncode-solid\u00bb back_color_solid=\u00bb#f7a941&#8243;][vc_custom_heading heading_semantic=\u00bbh1&#8243; text_font=\u00bbfont-377884&#8243; text_size=\u00bbfontsize-155944&#8243; text_weight=\u00bb600&#8243; text_space=\u00bbfontspace-111509&#8243; uncode_shortcode_id=\u00bb167985&#8243;]Wo Lava auf Kunst trifft: Die Essenz Lanzarotes erleben[\/vc_custom_heading][vc_column_text text_lead=\u00bbyes\u00bb uncode_shortcode_id=\u00bb169569&#8243;]Wir beginnen diesen unvergesslichen Ausflug mit einem Besuch im Nationalpark Timanfaya, einem der spektakul\u00e4rsten Naturwunder Lanzarotes. Die atemberaubenden Vulkanlandschaften, die durch Ausbr\u00fcche im 18. Jahrhundert entstanden sind, erinnern an eine Mondlandschaft. Bei der Fahrt durch den Park erleben Sie geothermische Demonstrationen und beeindruckende Lavafelder, die die rohe Kraft der Natur sp\u00fcrbar machen \u2013ein absolutes Highlight der Insel.[\/vc_column_text][\/vc_column][vc_column column_width_percent=\u00bb100&#8243; position_vertical=\u00bbmiddle\u00bb align_horizontal=\u00bbalign_center\u00bb gutter_size=\u00bb3&#8243; override_padding=\u00bbyes\u00bb column_padding=\u00bb5&#8243; style=\u00bbdark\u00bb back_image=\u00bb115164&#8243; overlay_alpha=\u00bb0&#8243; shift_x=\u00bb0&#8243; shift_y=\u00bb0&#8243; shift_y_down=\u00bb0&#8243; z_index=\u00bb0&#8243; medium_width=\u00bb0&#8243; mobile_width=\u00bb0&#8243; css_animation=\u00bbbottom-t-top\u00bb animation_delay=\u00bb400&#8243; width=\u00bb3\/12&#8243; mobile_height=\u00bb360&#8243; uncode_shortcode_id=\u00bb173210&#8243;][\/vc_column][vc_column column_width_percent=\u00bb100&#8243; position_vertical=\u00bbmiddle\u00bb align_horizontal=\u00bbalign_center\u00bb gutter_size=\u00bb3&#8243; override_padding=\u00bbyes\u00bb column_padding=\u00bb5&#8243; back_color=\u00bbcolor-prif\u00bb overlay_alpha=\u00bb50&#8243; shift_x=\u00bb0&#8243; shift_y=\u00bb0&#8243; shift_y_down=\u00bb0&#8243; z_index=\u00bb0&#8243; align_medium=\u00bbalign_center_tablet\u00bb medium_width=\u00bb0&#8243; align_mobile=\u00bbalign_center_mobile\u00bb mobile_width=\u00bb0&#8243; css_animation=\u00bbbottom-t-top\u00bb animation_delay=\u00bb600&#8243; width=\u00bb3\/12&#8243; uncode_shortcode_id=\u00bb154066&#8243; back_color_type=\u00bbuncode-palette\u00bb][vc_single_image media=\u00bb111927&#8243; media_width_percent=\u00bb100&#8243; uncode_shortcode_id=\u00bb137993&#8243;][\/vc_column][\/vc_row][vc_row unlock_row_content=\u00bbyes\u00bb row_height_percent=\u00bb55&#8243; override_padding=\u00bbyes\u00bb h_padding=\u00bb0&#8243; top_padding=\u00bb0&#8243; bottom_padding=\u00bb0&#8243; back_color=\u00bbcolor-nhtu\u00bb overlay_alpha=\u00bb50&#8243; equal_height=\u00bbyes\u00bb gutter_size=\u00bb0&#8243; column_width_percent=\u00bb100&#8243; shift_y=\u00bb0&#8243; z_index=\u00bb0&#8243; uncode_shortcode_id=\u00bb178327&#8243; row_height_pixel=\u00bb400&#8243; back_color_type=\u00bbuncode-palette\u00bb][vc_column column_width_percent=\u00bb100&#8243; position_vertical=\u00bbbottom\u00bb align_horizontal=\u00bbalign_center\u00bb gutter_size=\u00bb3&#8243; override_padding=\u00bbyes\u00bb column_padding=\u00bb4&#8243; style=\u00bbdark\u00bb back_color=\u00bbcolor-prif\u00bb back_image=\u00bb115170&#8243; overlay_alpha=\u00bb50&#8243; shift_x=\u00bb0&#8243; shift_y=\u00bb0&#8243; shift_y_down=\u00bb0&#8243; z_index=\u00bb0&#8243; align_medium=\u00bbalign_center_tablet\u00bb medium_width=\u00bb0&#8243; align_mobile=\u00bbalign_center_mobile\u00bb mobile_width=\u00bb0&#8243; css_animation=\u00bbbottom-t-top\u00bb animation_delay=\u00bb200&#8243; width=\u00bb1\/2&#8243; uncode_shortcode_id=\u00bb183504&#8243; back_color_type=\u00bbuncode-palette\u00bb][\/vc_column][vc_column column_width_percent=\u00bb100&#8243; position_vertical=\u00bbmiddle\u00bb gutter_size=\u00bb3&#8243; override_padding=\u00bbyes\u00bb column_padding=\u00bb4&#8243; style=\u00bblight\u00bb back_color=\u00bbcolor-xsdn\u00bb overlay_alpha=\u00bb50&#8243; shift_x=\u00bb0&#8243; shift_y=\u00bb0&#8243; shift_y_down=\u00bb0&#8243; z_index=\u00bb0&#8243; medium_visibility=\u00bbyes\u00bb medium_width=\u00bb0&#8243; mobile_visibility=\u00bbyes\u00bb mobile_width=\u00bb0&#8243; css_animation=\u00bbbottom-t-top\u00bb animation_delay=\u00bb400&#8243; width=\u00bb1\/2&#8243; uncode_shortcode_id=\u00bb871539&#8243; back_color_type=\u00bbuncode-palette\u00bb][vc_column_text text_lead=\u00bbyes\u00bb uncode_shortcode_id=\u00bb137409&#8243;]Anschlie\u00dfend besuchen wir die Fundaci\u00f3n C\u00e9sar Manrique, die sich in einer derehemaligen Wohnh\u00e4userdes K\u00fcnstlers befindet. Inmitten eines Lavafeldes erbaut, vereint das Geb\u00e4ude auf einzigartige Weise Natur und Architektur. Manrique war nicht nur ein vision\u00e4rer K\u00fcnstler, sondern auch ein leidenschaftlicher Umweltsch\u00fctzer, der ma\u00dfgeblich dazu beigetragen hat, dass Lanzarote seine Urspr\u00fcnglichkeit und \u00e4sthetische Identit\u00e4t bewahren konnte. Die Stiftung zeigt Werke Manriques sowie internationaler K\u00fcnstler und gibt faszinierende Einblicke in sein Leben und Schaffen.[\/vc_column_text][\/vc_column][\/vc_row][vc_row unlock_row_content=\u00bbyes\u00bb row_height_percent=\u00bb55&#8243; override_padding=\u00bbyes\u00bb h_padding=\u00bb0&#8243; top_padding=\u00bb0&#8243; bottom_padding=\u00bb0&#8243; back_color=\u00bbcolor-nhtu\u00bb overlay_alpha=\u00bb50&#8243; equal_height=\u00bbyes\u00bb gutter_size=\u00bb0&#8243; column_width_percent=\u00bb100&#8243; shift_y=\u00bb0&#8243; z_index=\u00bb0&#8243;][vc_column column_width_percent=\u00bb100&#8243; position_vertical=\u00bbmiddle\u00bb gutter_size=\u00bb3&#8243; override_padding=\u00bbyes\u00bb column_padding=\u00bb4&#8243; style=\u00bblight\u00bb font_family=\u00bbfont-377884&#8243; back_color=\u00bbcolor-xsdn\u00bb overlay_alpha=\u00bb50&#8243; shift_x=\u00bb0&#8243; shift_y=\u00bb0&#8243; shift_y_down=\u00bb0&#8243; z_index=\u00bb0&#8243; align_medium=\u00bbalign_left_tablet\u00bb medium_width=\u00bb0&#8243; align_mobile=\u00bbalign_left_mobile\u00bb mobile_width=\u00bb0&#8243; css_animation=\u00bbbottom-t-top\u00bb animation_delay=\u00bb200&#8243; width=\u00bb6\/12&#8243; uncode_shortcode_id=\u00bb141262&#8243; back_color_type=\u00bbuncode-palette\u00bb][vc_icon position=\u00bbleft\u00bb icon=\u00bbfa fa-calendar-check-o\u00bb size=\u00bbfa-2x\u00bb text_size=\u00bbh4&#8243; uncode_shortcode_id=\u00bb942093&#8243; title=\u00bbTourdatum\u00bb][\/vc_icon][vc_column_text text_lead=\u00bbyes\u00bb uncode_shortcode_id=\u00bb549222&#8243;]Sonntag 22. Februar 2026 \u2013 (09:15 bis 14:00Uhr aprox.). Treffpunkt: Hotellobby[\/vc_column_text][vc_icon position=\u00bbleft\u00bb icon=\u00bbfa fa-map-marker\u00bb size=\u00bbfa-2x\u00bb text_size=\u00bbh4&#8243; uncode_shortcode_id=\u00bb161206&#8243; title=\u00bbAusflugsroute\u00bb][\/vc_icon][vc_column_text text_lead=\u00bbyes\u00bb uncode_shortcode_id=\u00bb109696&#8243;]Voraussichtliche Route: Nationalpark Timanfaya \u2013 Fundaci\u00f3n C\u00e9sar Manrique \u2013 Hotel H10 Rubic\u00f3n f\u00fcr Mittagessen[\/vc_column_text][vc_icon position=\u00bbleft\u00bb icon=\u00bbfa fa-group\u00bb size=\u00bbfa-2x\u00bb text_size=\u00bbh4&#8243; uncode_shortcode_id=\u00bb202657&#8243; title=\u00bbMin. 30 pax\u00bb][\/vc_icon][vc_icon position=\u00bbleft\u00bb icon=\u00bbfa fa-ticket\u00bb size=\u00bbfa-2x\u00bb text_size=\u00bbh4&#8243; uncode_shortcode_id=\u00bb154531&#8243; title=\u00bb50% OFF\u00bb][\/vc_icon][vc_column_text text_lead=\u00bbyes\u00bb uncode_shortcode_id=\u00bb198710&#8243;]*50 % der Ausflugsgeb\u00fchren f\u00fcr Fortbildungsteilnehmer wenn Sie bis zum 13.08 buchen[\/vc_column_text][\/vc_column][vc_column column_width_percent=\u00bb100&#8243; position_vertical=\u00bbmiddle\u00bb align_horizontal=\u00bbalign_center\u00bb gutter_size=\u00bb3&#8243; override_padding=\u00bbyes\u00bb column_padding=\u00bb4&#8243; style=\u00bbdark\u00bb back_image=\u00bb86149&#8243; back_position=\u00bbright center\u00bb overlay_alpha=\u00bb50&#8243; shift_x=\u00bb0&#8243; shift_y=\u00bb0&#8243; shift_y_down=\u00bb0&#8243; z_index=\u00bb0&#8243; align_medium=\u00bbalign_center_tablet\u00bb medium_width=\u00bb0&#8243; align_mobile=\u00bbalign_center_mobile\u00bb mobile_width=\u00bb0&#8243; css_animation=\u00bbbottom-t-top\u00bb animation_delay=\u00bb400&#8243; width=\u00bb3\/12&#8243; uncode_shortcode_id=\u00bb683322&#8243; back_color_type=\u00bbuncode-solid\u00bb back_color_solid=\u00bb#f7a941&#8243;][vc_button size=\u00bbbtn-lg\u00bb radius=\u00bbbtn-square\u00bb outline=\u00bbyes\u00bb custom_typo=\u00bbyes\u00bb font_family=\u00bbfont-175345&#8243; font_weight=\u00bb400&#8243; border_width=\u00bb0&#8243; link=\u00bburl:https%3A%2F%2Fbooking-insuite.com%2Flanzarote%2F\u00bb uncode_shortcode_id=\u00bb183111&#8243;]Buchen Sie jetzt[\/vc_button][\/vc_column][vc_column column_width_percent=\u00bb100&#8243; position_vertical=\u00bbmiddle\u00bb gutter_size=\u00bb3&#8243; override_padding=\u00bbyes\u00bb column_padding=\u00bb4&#8243; style=\u00bbdark\u00bb back_color=\u00bbcolor-wayh\u00bb back_image=\u00bb115173&#8243; back_position=\u00bbright center\u00bb overlay_alpha=\u00bb50&#8243; shift_x=\u00bb0&#8243; shift_y=\u00bb0&#8243; shift_y_down=\u00bb0&#8243; z_index=\u00bb0&#8243; medium_visibility=\u00bbyes\u00bb medium_width=\u00bb0&#8243; mobile_visibility=\u00bbyes\u00bb mobile_width=\u00bb0&#8243; css_animation=\u00bbbottom-t-top\u00bb animation_delay=\u00bb600&#8243; width=\u00bb3\/12&#8243; uncode_shortcode_id=\u00bb862675&#8243; back_color_type=\u00bbuncode-palette\u00bb][\/vc_column][\/vc_row]<\/p>\n<\/div>","protected":false},"excerpt":{"rendered":"<p>[vc_row unlock_row_content=\u00bbyes\u00bb row_height_percent=\u00bb0&#8243; override_padding=\u00bbyes\u00bb h_padding=\u00bb0&#8243; top_padding=\u00bb0&#8243; bottom_padding=\u00bb0&#8243; back_color=\u00bbcolor-nhtu\u00bb back_image=\u00bb115130&#8243; back_position=\u00bbcenter bottom\u00bb overlay_color=\u00bbcolor-nhtu\u00bb overlay_alpha=\u00bb20&#8243; equal_height=\u00bbyes\u00bb gutter_size=\u00bb0&#8243; column_width_percent=\u00bb100&#8243; shift_y=\u00bb0&#8243; z_index=\u00bb0&#8243; enable_bottom_divider=\u00bbdefault\u00bb bottom_divider=\u00bbgradient\u00bb [&hellip;]<\/p>\n","protected":false},"author":2,"featured_media":0,"parent":0,"menu_order":0,"comment_status":"closed","ping_status":"closed","template":"","meta":{"footnotes":""},"class_list":["post-115118","page","type-page","status-publish","hentry"],"_links":{"self":[{"href":"https:\/\/booking-insuite.com\/es\/wp-json\/wp\/v2\/pages\/115118","targetHints":{"allow":["GET"]}}],"collection":[{"href":"https:\/\/booking-insuite.com\/es\/wp-json\/wp\/v2\/pages"}],"about":[{"href":"https:\/\/booking-insuite.com\/es\/wp-json\/wp\/v2\/types\/page"}],"author":[{"embeddable":true,"href":"https:\/\/booking-insuite.com\/es\/wp-json\/wp\/v2\/users\/2"}],"replies":[{"embeddable":true,"href":"https:\/\/booking-insuite.com\/es\/wp-json\/wp\/v2\/comments?post=115118"}],"version-history":[{"count":8,"href":"https:\/\/booking-insuite.com\/es\/wp-json\/wp\/v2\/pages\/115118\/revisions"}],"predecessor-version":[{"id":115123,"href":"https:\/\/booking-insuite.com\/es\/wp-json\/wp\/v2\/pages\/115118\/revisions\/115123"}],"wp:attachment":[{"href":"https:\/\/booking-insuite.com\/es\/wp-json\/wp\/v2\/media?parent=115118"}],"curies":[{"name":"wp","href":"https:\/\/api.w.org\/{rel}","templated":true}]}}