{"id":114256,"date":"2022-05-23T16:32:36","date_gmt":"2022-05-23T15:32:36","guid":{"rendered":"http:\/\/booking-insuite.com\/?page_id=114256"},"modified":"2024-11-01T12:31:39","modified_gmt":"2024-11-01T12:31:39","slug":"su-reserva","status":"publish","type":"page","link":"https:\/\/booking-insuite.com\/es\/confirmation\/su-reserva\/","title":{"rendered":"Su reserva"},"content":{"rendered":"<div class=\"wpb-content-wrapper\"><p>[vc_row][vc_column width=\u00bb1\/1&#8243;][vc_empty_space empty_h=\u00bb3&#8243;][\/vc_column][\/vc_row][vc_row][vc_column][vc_column_text]<div class=\"mphb_sc_booking_confirmation\"><\/div>[\/vc_column_text][\/vc_column][\/vc_row][vc_row][vc_column width=\u00bb1\/1&#8243;][vc_column_text text_lead=\u00bbyes\u00bb uncode_shortcode_id=\u00bb336702&#8243;]<\/p>\n<div dir=\"ltr\">\n<p>Hemos recibido tu reserva y nos pondremos en contacto contigo para facilitarte los datos de pago.<\/p>\n<p>El r\u00e9gimen de comidas est\u00e1 especificado en la reserva. Puedes reservar otro r\u00e9gimen de comidas envi\u00e1ndonos un correo electr\u00f3nico.<\/p>\n<p>Los ni\u00f1os menores de 2 a\u00f1os no pagan. Para consultas o casos especiales, por favor, contacta con nosotros en info@insuite.es o en el +34 928 58 38 90 (de lunes a viernes de 9.00 a 17.00 horas &#8211; hora de Canarias)<\/p>\n<\/div>\n<p>[\/vc_column_text][\/vc_column][\/vc_row]<\/p>\n<\/div>","protected":false},"excerpt":{"rendered":"<p>[vc_row][vc_column width=\u00bb1\/1&#8243;][vc_empty_space empty_h=\u00bb3&#8243;][\/vc_column][\/vc_row][vc_row][vc_column][vc_column_text][\/vc_column_text][\/vc_column][\/vc_row][vc_row][vc_column width=\u00bb1\/1&#8243;][vc_column_text text_lead=\u00bbyes\u00bb uncode_shortcode_id=\u00bb336702&#8243;] Hemos recibido tu reserva y nos pondremos en contacto contigo para facilitarte los datos [&hellip;]<\/p>\n","protected":false},"author":2,"featured_media":113644,"parent":114006,"menu_order":0,"comment_status":"closed","ping_status":"closed","template":"","meta":{"footnotes":""},"class_list":["post-114256","page","type-page","status-publish","has-post-thumbnail","hentry"],"_links":{"self":[{"href":"https:\/\/booking-insuite.com\/es\/wp-json\/wp\/v2\/pages\/114256","targetHints":{"allow":["GET"]}}],"collection":[{"href":"https:\/\/booking-insuite.com\/es\/wp-json\/wp\/v2\/pages"}],"about":[{"href":"https:\/\/booking-insuite.com\/es\/wp-json\/wp\/v2\/types\/page"}],"author":[{"embeddable":true,"href":"https:\/\/booking-insuite.com\/es\/wp-json\/wp\/v2\/users\/2"}],"replies":[{"embeddable":true,"href":"https:\/\/booking-insuite.com\/es\/wp-json\/wp\/v2\/comments?post=114256"}],"version-history":[{"count":1,"href":"https:\/\/booking-insuite.com\/es\/wp-json\/wp\/v2\/pages\/114256\/revisions"}],"predecessor-version":[{"id":114257,"href":"https:\/\/booking-insuite.com\/es\/wp-json\/wp\/v2\/pages\/114256\/revisions\/114257"}],"up":[{"embeddable":true,"href":"https:\/\/booking-insuite.com\/es\/wp-json\/wp\/v2\/pages\/114006"}],"wp:featuredmedia":[{"embeddable":true,"href":"https:\/\/booking-insuite.com\/es\/wp-json\/wp\/v2\/media\/113644"}],"wp:attachment":[{"href":"https:\/\/booking-insuite.com\/es\/wp-json\/wp\/v2\/media?parent=114256"}],"curies":[{"name":"wp","href":"https:\/\/api.w.org\/{rel}","templated":true}]}}