{"id":112852,"date":"2023-07-14T11:10:28","date_gmt":"2023-07-14T10:10:28","guid":{"rendered":"http:\/\/booking-insuite.com\/?page_id=112852"},"modified":"2024-07-16T13:29:41","modified_gmt":"2024-07-16T12:29:41","slug":"teide-nationalpark-tour-auf-teneriffa","status":"publish","type":"page","link":"https:\/\/booking-insuite.com\/es\/teide-nationalpark-tour-auf-teneriffa\/","title":{"rendered":"Der Norden von Teneriffa"},"content":{"rendered":"<div class=\"wpb-content-wrapper\"><p>[vc_row unlock_row_content=\u00bbyes\u00bb row_height_percent=\u00bb0&#8243; override_padding=\u00bbyes\u00bb h_padding=\u00bb0&#8243; top_padding=\u00bb0&#8243; bottom_padding=\u00bb0&#8243; back_color=\u00bbcolor-nhtu\u00bb back_image=\u00bb112858&#8243; back_position=\u00bbcenter bottom\u00bb overlay_color=\u00bbcolor-nhtu\u00bb overlay_alpha=\u00bb20&#8243; equal_height=\u00bbyes\u00bb gutter_size=\u00bb0&#8243; column_width_percent=\u00bb100&#8243; shift_y=\u00bb0&#8243; z_index=\u00bb0&#8243; enable_bottom_divider=\u00bbdefault\u00bb bottom_divider=\u00bbgradient\u00bb shape_bottom_h_use_pixel=\u00bbtrue\u00bb shape_bottom_height_percent=\u00bb100&#8243; shape_bottom_color=\u00bbcolor-nhtu\u00bb shape_bottom_opacity=\u00bb60&#8243; shape_bottom_index=\u00bb0&#8243; row_height_pixel=\u00bb280&#8243; row_name=\u00bbIntro\u00bb uncode_shortcode_id=\u00bb289869&#8243; back_color_type=\u00bbuncode-palette\u00bb overlay_color_type=\u00bbuncode-palette\u00bb shape_bottom_color_type=\u00bbuncode-palette\u00bb][vc_column column_width_percent=\u00bb100&#8243; position_horizontal=\u00bbleft\u00bb position_vertical=\u00bbbottom\u00bb gutter_size=\u00bb2&#8243; override_padding=\u00bbyes\u00bb column_padding=\u00bb4&#8243; style=\u00bbdark\u00bb overlay_alpha=\u00bb50&#8243; shift_x=\u00bb0&#8243; shift_y=\u00bb0&#8243; shift_y_down=\u00bb0&#8243; z_index=\u00bb0&#8243; align_medium=\u00bbalign_center_tablet\u00bb medium_width=\u00bb0&#8243; align_mobile=\u00bbalign_center_mobile\u00bb mobile_width=\u00bb0&#8243; css_animation=\u00bbbottom-t-top\u00bb animation_speed=\u00bb1000&#8243; width=\u00bb1\/1&#8243; uncode_shortcode_id=\u00bb366803&#8243;][vc_empty_space empty_h=\u00bb2&#8243;][vc_custom_heading heading_semantic=\u00bbh1&#8243; text_font=\u00bbfont-377884&#8243; text_size=\u00bbfontsize-445851&#8243; text_weight=\u00bb600&#8243; text_space=\u00bbfontspace-111509&#8243; sub_lead=\u00bbyes\u00bb sub_reduced=\u00bbyes\u00bb uncode_shortcode_id=\u00bb858482&#8243;]Der Norden von Teneriffa<br \/>\nGarachico, La Orotava und Icod de Los Vinos[\/vc_custom_heading][\/vc_column][\/vc_row][vc_row unlock_row_content=\u00bbyes\u00bb row_height_percent=\u00bb55&#8243; override_padding=\u00bbyes\u00bb h_padding=\u00bb0&#8243; top_padding=\u00bb0&#8243; bottom_padding=\u00bb0&#8243; back_color=\u00bbcolor-nhtu\u00bb overlay_alpha=\u00bb50&#8243; equal_height=\u00bbyes\u00bb gutter_size=\u00bb0&#8243; column_width_percent=\u00bb100&#8243; shift_y=\u00bb0&#8243; z_index=\u00bb0&#8243;][vc_column column_width_percent=\u00bb100&#8243; gutter_size=\u00bb3&#8243; override_padding=\u00bbyes\u00bb column_padding=\u00bb4&#8243; style=\u00bbdark\u00bb font_family=\u00bbfont-377884&#8243; overlay_alpha=\u00bb50&#8243; shift_x=\u00bb0&#8243; shift_y=\u00bb0&#8243; shift_y_down=\u00bb0&#8243; z_index=\u00bb0&#8243; align_medium=\u00bbalign_center_tablet\u00bb medium_width=\u00bb0&#8243; align_mobile=\u00bbalign_center_mobile\u00bb mobile_width=\u00bb0&#8243; css_animation=\u00bbbottom-t-top\u00bb animation_delay=\u00bb200&#8243; width=\u00bb6\/12&#8243; uncode_shortcode_id=\u00bb206792&#8243; back_color_type=\u00bbuncode-solid\u00bb back_color_solid=\u00bb#f7a941&#8243;][vc_custom_heading heading_semantic=\u00bbh1&#8243; text_font=\u00bbfont-377884&#8243; text_size=\u00bbfontsize-155944&#8243; text_weight=\u00bb600&#8243; text_space=\u00bbfontspace-111509&#8243; uncode_shortcode_id=\u00bb814385&#8243;]Entdecken Sie mit uns den gr\u00fcnen Norden von Teneriffa[\/vc_custom_heading][vc_column_text text_lead=\u00bbyes\u00bb uncode_shortcode_id=\u00bb158997&#8243;]Sie k\u00f6nnen Teneriffa nicht verlassen, ohne die sch\u00f6nen D\u00f6rfer im Norden der Insel zu besuchen.[\/vc_column_text][\/vc_column][vc_column column_width_percent=\u00bb100&#8243; position_vertical=\u00bbmiddle\u00bb align_horizontal=\u00bbalign_center\u00bb gutter_size=\u00bb3&#8243; override_padding=\u00bbyes\u00bb column_padding=\u00bb5&#8243; style=\u00bbdark\u00bb back_image=\u00bb113810&#8243; overlay_alpha=\u00bb0&#8243; shift_x=\u00bb0&#8243; shift_y=\u00bb0&#8243; shift_y_down=\u00bb0&#8243; z_index=\u00bb0&#8243; medium_width=\u00bb0&#8243; mobile_width=\u00bb0&#8243; css_animation=\u00bbbottom-t-top\u00bb animation_delay=\u00bb400&#8243; width=\u00bb3\/12&#8243; mobile_height=\u00bb360&#8243; uncode_shortcode_id=\u00bb579593&#8243;][\/vc_column][vc_column column_width_percent=\u00bb100&#8243; position_vertical=\u00bbmiddle\u00bb align_horizontal=\u00bbalign_center\u00bb gutter_size=\u00bb3&#8243; override_padding=\u00bbyes\u00bb column_padding=\u00bb5&#8243; back_color=\u00bbcolor-prif\u00bb overlay_alpha=\u00bb50&#8243; shift_x=\u00bb0&#8243; shift_y=\u00bb0&#8243; shift_y_down=\u00bb0&#8243; z_index=\u00bb0&#8243; align_medium=\u00bbalign_center_tablet\u00bb medium_width=\u00bb0&#8243; align_mobile=\u00bbalign_center_mobile\u00bb mobile_width=\u00bb0&#8243; css_animation=\u00bbbottom-t-top\u00bb animation_delay=\u00bb600&#8243; width=\u00bb3\/12&#8243; uncode_shortcode_id=\u00bb154066&#8243; back_color_type=\u00bbuncode-palette\u00bb][vc_single_image media=\u00bb111927&#8243; media_width_percent=\u00bb100&#8243; uncode_shortcode_id=\u00bb137993&#8243;][\/vc_column][\/vc_row][vc_row unlock_row_content=\u00bbyes\u00bb row_height_percent=\u00bb55&#8243; override_padding=\u00bbyes\u00bb h_padding=\u00bb0&#8243; top_padding=\u00bb0&#8243; bottom_padding=\u00bb0&#8243; back_color=\u00bbcolor-nhtu\u00bb overlay_alpha=\u00bb50&#8243; equal_height=\u00bbyes\u00bb gutter_size=\u00bb0&#8243; column_width_percent=\u00bb100&#8243; shift_y=\u00bb0&#8243; z_index=\u00bb0&#8243; uncode_shortcode_id=\u00bb178327&#8243; row_height_pixel=\u00bb400&#8243; back_color_type=\u00bbuncode-palette\u00bb][vc_column column_width_percent=\u00bb100&#8243; position_vertical=\u00bbbottom\u00bb align_horizontal=\u00bbalign_center\u00bb gutter_size=\u00bb3&#8243; override_padding=\u00bbyes\u00bb column_padding=\u00bb4&#8243; style=\u00bbdark\u00bb back_color=\u00bbcolor-prif\u00bb back_image=\u00bb113801&#8243; overlay_alpha=\u00bb50&#8243; shift_x=\u00bb0&#8243; shift_y=\u00bb0&#8243; shift_y_down=\u00bb0&#8243; z_index=\u00bb0&#8243; align_medium=\u00bbalign_center_tablet\u00bb medium_width=\u00bb0&#8243; align_mobile=\u00bbalign_center_mobile\u00bb mobile_width=\u00bb0&#8243; css_animation=\u00bbbottom-t-top\u00bb animation_delay=\u00bb200&#8243; width=\u00bb1\/2&#8243; uncode_shortcode_id=\u00bb102718&#8243; back_color_type=\u00bbuncode-palette\u00bb][\/vc_column][vc_column column_width_percent=\u00bb100&#8243; position_vertical=\u00bbmiddle\u00bb gutter_size=\u00bb3&#8243; override_padding=\u00bbyes\u00bb column_padding=\u00bb4&#8243; style=\u00bblight\u00bb back_color=\u00bbcolor-xsdn\u00bb overlay_alpha=\u00bb50&#8243; shift_x=\u00bb0&#8243; shift_y=\u00bb0&#8243; shift_y_down=\u00bb0&#8243; z_index=\u00bb0&#8243; medium_visibility=\u00bbyes\u00bb medium_width=\u00bb0&#8243; mobile_visibility=\u00bbyes\u00bb mobile_width=\u00bb0&#8243; css_animation=\u00bbbottom-t-top\u00bb animation_delay=\u00bb400&#8243; width=\u00bb1\/2&#8243; uncode_shortcode_id=\u00bb871539&#8243; back_color_type=\u00bbuncode-palette\u00bb][vc_column_text text_lead=\u00bbyes\u00bb uncode_shortcode_id=\u00bb193951&#8243;]Unsere Route beginnt am Hotel in Richtung des gr\u00fcnen Nordens von Teneriffa. Nach etwa 45 Minuten erreichen wir unseren ersten Halt: Garachico. Seine gepflasterten Stra\u00dfen laden dazu ein, das Herz der Stadt, seine Kirchen und historischen Geb\u00e4ude zu erkunden. Garachico bricht mit Klischees: Wer sagt denn, dass man nicht aus der Asche auferstehen kann? Nach dem Ausbruch des Vulkans Trevejo, der die Stadt 1706 fast vollst\u00e4ndig zerst\u00f6rte, wurde sie noch sch\u00f6ner und reizvoller als zuvor wieder aufgebaut.<\/p>\n<p>Danach machen wir einen kurzen Halt in Icod de los Vinos. Dieses kleine Dorf wird die \u201eStadt des mythologischen Drachenbaums\u201c genannt. Dieser m\u00e4chtige, Jahrtausende alte Baum war ein Heiligtum der Guanchen, die glaubten, er besitze magische Kr\u00e4fte. Die Stadt selbst ist eine h\u00fcbsche Siedlung mit Geb\u00e4uden im Kolonialstil und ist f\u00fcr ihre Weinproduktion bekannt.<\/p>\n<p>Als letzter Halt vor dem Mittagessen schlendern wir durch die Stra\u00dfen von La Orotava, eine au\u00dferordentlich sch\u00f6ne Stadt mit herrschaftlichen H\u00e4usern im traditionellen Stil der Insel. Besonders bekannt sind die Casas de los Balcones. Geb\u00e4ude aus dem 17. Jahrhundert mit den typischen Balkonen aus kanarischem Kiefernholz.[\/vc_column_text][\/vc_column][\/vc_row][vc_row unlock_row_content=\u00bbyes\u00bb row_height_percent=\u00bb55&#8243; override_padding=\u00bbyes\u00bb h_padding=\u00bb0&#8243; top_padding=\u00bb0&#8243; bottom_padding=\u00bb0&#8243; back_color=\u00bbcolor-nhtu\u00bb overlay_alpha=\u00bb50&#8243; equal_height=\u00bbyes\u00bb gutter_size=\u00bb0&#8243; column_width_percent=\u00bb100&#8243; shift_y=\u00bb0&#8243; z_index=\u00bb0&#8243;][vc_column column_width_percent=\u00bb100&#8243; position_vertical=\u00bbmiddle\u00bb gutter_size=\u00bb3&#8243; override_padding=\u00bbyes\u00bb column_padding=\u00bb4&#8243; style=\u00bblight\u00bb font_family=\u00bbfont-377884&#8243; back_color=\u00bbcolor-xsdn\u00bb overlay_alpha=\u00bb50&#8243; shift_x=\u00bb0&#8243; shift_y=\u00bb0&#8243; shift_y_down=\u00bb0&#8243; z_index=\u00bb0&#8243; align_medium=\u00bbalign_left_tablet\u00bb medium_width=\u00bb0&#8243; align_mobile=\u00bbalign_left_mobile\u00bb mobile_width=\u00bb0&#8243; css_animation=\u00bbbottom-t-top\u00bb animation_delay=\u00bb200&#8243; width=\u00bb6\/12&#8243; uncode_shortcode_id=\u00bb141262&#8243; back_color_type=\u00bbuncode-palette\u00bb][vc_icon position=\u00bbleft\u00bb icon=\u00bbfa fa-calendar-check-o\u00bb size=\u00bbfa-2x\u00bb text_size=\u00bbh4&#8243; uncode_shortcode_id=\u00bb942093&#8243; title=\u00bbTourdatum\u00bb][\/vc_icon][vc_column_text text_lead=\u00bbyes\u00bb uncode_shortcode_id=\u00bb695677&#8243;]Sonntag 16. Februar 2025, ganzt\u00e4gig mit Mittagessen \u2013 (09:00 bis 16:00 Uhr aprox.). Treffpunkt: Hotellobby[\/vc_column_text][vc_icon position=\u00bbleft\u00bb icon=\u00bbfa fa-map-marker\u00bb size=\u00bbfa-2x\u00bb text_size=\u00bbh4&#8243; uncode_shortcode_id=\u00bb161206&#8243; title=\u00bbAusflugsroute\u00bb][\/vc_icon][vc_column_text text_lead=\u00bbyes\u00bb uncode_shortcode_id=\u00bb130702&#8243;]Voraussichtliche Route: Garachico &#8211; Icod de Los Vinos &#8211; La Orotava &#8211; Mittagessen im Mirador de Garachico &#8211; Costa Adeje.[\/vc_column_text][vc_icon position=\u00bbleft\u00bb icon=\u00bbfa fa-group\u00bb size=\u00bbfa-2x\u00bb text_size=\u00bbh4&#8243; uncode_shortcode_id=\u00bb792902&#8243; title=\u00bbMin. 35 pax\u00bb][\/vc_icon][vc_icon position=\u00bbleft\u00bb icon=\u00bbfa fa-ticket\u00bb size=\u00bbfa-2x\u00bb text_size=\u00bbh4&#8243; uncode_shortcode_id=\u00bb154531&#8243; title=\u00bb50% OFF\u00bb][\/vc_icon][vc_column_text text_lead=\u00bbyes\u00bb uncode_shortcode_id=\u00bb172931&#8243;]<b>*50 % der Ausflugsgeb\u00fchren <\/b>f\u00fcr Fortbildungsteilnehmer wenn Sie bis zum 01.09 buchen[\/vc_column_text][\/vc_column][vc_column column_width_percent=\u00bb100&#8243; position_vertical=\u00bbmiddle\u00bb align_horizontal=\u00bbalign_center\u00bb gutter_size=\u00bb3&#8243; override_padding=\u00bbyes\u00bb column_padding=\u00bb4&#8243; style=\u00bbdark\u00bb back_image=\u00bb86149&#8243; back_position=\u00bbright center\u00bb overlay_alpha=\u00bb50&#8243; shift_x=\u00bb0&#8243; shift_y=\u00bb0&#8243; shift_y_down=\u00bb0&#8243; z_index=\u00bb0&#8243; align_medium=\u00bbalign_center_tablet\u00bb medium_width=\u00bb0&#8243; align_mobile=\u00bbalign_center_mobile\u00bb mobile_width=\u00bb0&#8243; css_animation=\u00bbbottom-t-top\u00bb animation_delay=\u00bb400&#8243; width=\u00bb3\/12&#8243; uncode_shortcode_id=\u00bb683322&#8243; back_color_type=\u00bbuncode-solid\u00bb back_color_solid=\u00bb#f7a941&#8243;][vc_button size=\u00bbbtn-lg\u00bb radius=\u00bbbtn-square\u00bb outline=\u00bbyes\u00bb custom_typo=\u00bbyes\u00bb font_family=\u00bbfont-175345&#8243; font_weight=\u00bb400&#8243; border_width=\u00bb0&#8243; link=\u00bburl:https%3A%2F%2Fbooking-insuite.com%2Ftenerife%2F\u00bb uncode_shortcode_id=\u00bb713841&#8243;]Buchen Sie jetzt[\/vc_button][\/vc_column][vc_column column_width_percent=\u00bb100&#8243; position_vertical=\u00bbmiddle\u00bb gutter_size=\u00bb3&#8243; override_padding=\u00bbyes\u00bb column_padding=\u00bb4&#8243; style=\u00bbdark\u00bb back_color=\u00bbcolor-wayh\u00bb back_image=\u00bb113807&#8243; back_position=\u00bbright center\u00bb overlay_alpha=\u00bb50&#8243; shift_x=\u00bb0&#8243; shift_y=\u00bb0&#8243; shift_y_down=\u00bb0&#8243; z_index=\u00bb0&#8243; medium_visibility=\u00bbyes\u00bb medium_width=\u00bb0&#8243; mobile_visibility=\u00bbyes\u00bb mobile_width=\u00bb0&#8243; css_animation=\u00bbbottom-t-top\u00bb animation_delay=\u00bb600&#8243; width=\u00bb3\/12&#8243; uncode_shortcode_id=\u00bb637587&#8243; back_color_type=\u00bbuncode-palette\u00bb][\/vc_column][\/vc_row]<\/p>\n<\/div>","protected":false},"excerpt":{"rendered":"<p>[vc_row unlock_row_content=\u00bbyes\u00bb row_height_percent=\u00bb0&#8243; override_padding=\u00bbyes\u00bb h_padding=\u00bb0&#8243; top_padding=\u00bb0&#8243; bottom_padding=\u00bb0&#8243; back_color=\u00bbcolor-nhtu\u00bb back_image=\u00bb112858&#8243; back_position=\u00bbcenter bottom\u00bb overlay_color=\u00bbcolor-nhtu\u00bb overlay_alpha=\u00bb20&#8243; equal_height=\u00bbyes\u00bb gutter_size=\u00bb0&#8243; column_width_percent=\u00bb100&#8243; shift_y=\u00bb0&#8243; z_index=\u00bb0&#8243; enable_bottom_divider=\u00bbdefault\u00bb bottom_divider=\u00bbgradient\u00bb [&hellip;]<\/p>\n","protected":false},"author":2,"featured_media":0,"parent":0,"menu_order":0,"comment_status":"closed","ping_status":"closed","template":"","meta":{"footnotes":""},"class_list":["post-112852","page","type-page","status-publish","hentry"],"_links":{"self":[{"href":"https:\/\/booking-insuite.com\/es\/wp-json\/wp\/v2\/pages\/112852","targetHints":{"allow":["GET"]}}],"collection":[{"href":"https:\/\/booking-insuite.com\/es\/wp-json\/wp\/v2\/pages"}],"about":[{"href":"https:\/\/booking-insuite.com\/es\/wp-json\/wp\/v2\/types\/page"}],"author":[{"embeddable":true,"href":"https:\/\/booking-insuite.com\/es\/wp-json\/wp\/v2\/users\/2"}],"replies":[{"embeddable":true,"href":"https:\/\/booking-insuite.com\/es\/wp-json\/wp\/v2\/comments?post=112852"}],"version-history":[{"count":20,"href":"https:\/\/booking-insuite.com\/es\/wp-json\/wp\/v2\/pages\/112852\/revisions"}],"predecessor-version":[{"id":113816,"href":"https:\/\/booking-insuite.com\/es\/wp-json\/wp\/v2\/pages\/112852\/revisions\/113816"}],"wp:attachment":[{"href":"https:\/\/booking-insuite.com\/es\/wp-json\/wp\/v2\/media?parent=112852"}],"curies":[{"name":"wp","href":"https:\/\/api.w.org\/{rel}","templated":true}]}}